{"id":37,"date":"2022-07-10T12:33:50","date_gmt":"2022-07-10T12:33:50","guid":{"rendered":"https:\/\/www.technosysa.com\/wordpress\/es\/?page_id=37"},"modified":"2025-07-14T22:18:05","modified_gmt":"2025-07-14T22:18:05","slug":"test-page","status":"publish","type":"page","link":"https:\/\/www.technosysa.com\/wordpress\/es\/test-page\/","title":{"rendered":"Terminos"},"content":{"rendered":"\n<h1 class=\"wp-block-heading\">Globatienda: T\u00e9rminos y Condiciones de Uso<\/h1>\n\n\n\n<h2 class=\"wp-block-heading\">Introducci\u00f3n<\/h2>\n\n\n\n<p>Globatienda.com es una plataforma en l\u00ednea operada por Technosysa (www.technosysa.com),Nuestra misi\u00f3n es conectar compradores y vendedores, ofreciendo un espacio din\u00e1mico para la promoci\u00f3n y venta de productos y servicios.<\/p>\n\n\n\n<h2 class=\"wp-block-heading\">\u00bfQu\u00e9 ofrece Globatienda?<\/h2>\n\n\n\n<ul class=\"wp-block-list\">\n<li>Alojamiento de su informaci\u00f3n y datos de producto: Guarde de forma segura los detalles de sus productos o servicios.<\/li>\n\n\n\n<li>Publicaci\u00f3n de productos o servicios: Muestre lo que vende con la opci\u00f3n de venta directa a trav\u00e9s de Globatienda.com.<\/li>\n\n\n\n<li>Carrito de compras: Un sistema intuitivo para que sus clientes seleccionen y gestionen sus compras.<\/li>\n\n\n\n<li>Procesador de pagos Mercado Pago: Integramos Mercado Pago para procesar de forma segura pagos nacionales e internacionales. Esto incluye diversas opciones como tarjetas de cr\u00e9dito y PSE, brindando confianza y comodidad a sus clientes.<\/li>\n<\/ul>\n\n\n\n<h2 class=\"wp-block-heading\">Comisiones<\/h2>\n\n\n\n<p>Globatienda siempre intentar\u00e1 vender tus productos por un 15% mas del precio ingresado y pagado al vendedor. El vendedor podra evaluar constantemente la demanda del producto, teniendo la opci\u00f3n de incrementar o disminuir su precio base seg\u00fan el comportamiento del mercado<\/p>\n\n\n\n<h2 class=\"wp-block-heading\">Uso de la Plataforma y Responsabilidades del Vendedor<\/h2>\n\n\n\n<ul class=\"wp-block-list\">\n<li>Publicaci\u00f3n gratuita: Subir sus productos a la plataforma de Globatienda es completamente gratuito.<\/li>\n\n\n\n<li>Gesti\u00f3n de env\u00edos: Usted, como vendedor, es responsable de gestionar y establecer los costos de env\u00edo de sus productos. Le sugerimos considerar los costos de env\u00edo en Colombia al fijar sus precios.<\/li>\n\n\n\n<li>Cumplimiento legal: Es su responsabilidad asegurar que todas sus ventas cumplan con la legislaci\u00f3n colombiana vigente, incluyendo el derecho de retracto, garant\u00edas y dem\u00e1s normativas aplicables a la comercializaci\u00f3n de productos y servicios.<\/li>\n<\/ul>\n\n\n\n<h2 class=\"wp-block-heading\">Procesamiento de Transacciones<\/h2>\n\n\n\n<p>Todas las transacciones son capturadas inicialmente por el procesador de pagos y depositadas en una cuenta bancaria de Globatienda. Posteriormente, los fondos se transfieren a la cuenta bancaria del vendedor asociado al producto vendido.<\/p>\n\n\n\n<p>\u00a9 2025 Globatienda. Todos los derechos reservados.<\/p>\n","protected":false},"excerpt":{"rendered":"<p>Globatienda: T\u00e9rminos y Condiciones de Uso Introducci\u00f3n Globatienda.com es una plataforma en l\u00ednea operada por Technosysa (www.technosysa.com),Nuestra misi\u00f3n es conectar compradores y vendedores, ofreciendo un espacio din\u00e1mico para la promoci\u00f3n y venta de productos y servicios. \u00bfQu\u00e9 ofrece Globatienda? Comisiones Globatienda siempre intentar\u00e1 vender tus productos por un 15% mas del precio ingresado y pagado [&hellip;]<\/p>\n","protected":false},"author":1,"featured_media":0,"parent":0,"menu_order":0,"comment_status":"closed","ping_status":"closed","template":"","meta":{"advanced_seo_description":"","spay_email":"","footnotes":""},"class_list":["post-37","page","type-page","status-publish","hentry"],"jetpack_shortlink":"https:\/\/wp.me\/PgxJgO-B","_links":{"self":[{"href":"https:\/\/www.technosysa.com\/wordpress\/es\/wp-json\/wp\/v2\/pages\/37","targetHints":{"allow":["GET"]}}],"collection":[{"href":"https:\/\/www.technosysa.com\/wordpress\/es\/wp-json\/wp\/v2\/pages"}],"about":[{"href":"https:\/\/www.technosysa.com\/wordpress\/es\/wp-json\/wp\/v2\/types\/page"}],"author":[{"embeddable":true,"href":"https:\/\/www.technosysa.com\/wordpress\/es\/wp-json\/wp\/v2\/users\/1"}],"replies":[{"embeddable":true,"href":"https:\/\/www.technosysa.com\/wordpress\/es\/wp-json\/wp\/v2\/comments?post=37"}],"version-history":[{"count":5,"href":"https:\/\/www.technosysa.com\/wordpress\/es\/wp-json\/wp\/v2\/pages\/37\/revisions"}],"predecessor-version":[{"id":2476,"href":"https:\/\/www.technosysa.com\/wordpress\/es\/wp-json\/wp\/v2\/pages\/37\/revisions\/2476"}],"wp:attachment":[{"href":"https:\/\/www.technosysa.com\/wordpress\/es\/wp-json\/wp\/v2\/media?parent=37"}],"curies":[{"name":"wp","href":"https:\/\/api.w.org\/{rel}","templated":true}]}}